
{"id":203,"date":"2022-06-02T19:23:49","date_gmt":"2022-06-02T19:23:49","guid":{"rendered":"https:\/\/arlohotels.com\/soho\/?page_id=203"},"modified":"2026-02-05T14:03:47","modified_gmt":"2026-02-05T19:03:47","slug":"eat-and-drink","status":"publish","type":"page","link":"https:\/\/arlohotels.com\/williamsburg\/eat-and-drink\/","title":{"rendered":"Eat &amp; Drink"},"content":{"rendered":"\n<div style=\"height:50px\" aria-hidden=\"true\" class=\"wp-block-spacer\"><\/div>\n\n\n\n<p>Cocktails by the pool.&nbsp; Catch-ups in the lobby. Brunch on the patio. When you can\u2019t decide how to enjoy Brooklyn\u2019s eclectic food and beverage scene, Arlo Williamsburg is the perfect starting point. Dive into delicious dishes created by Chef Michael King and pair them with a glass of your fave wine, local beer, or a handcrafted cocktail. Or swing by for a bite, a quick coffee or leisurely high tea.&nbsp;<\/p>\n\n\n\n<p>Hungry for something quintessentially NYC? <strong>Sungold<\/strong> is the spot for brunch, lunch or dinner, with plenty of salads, sides and savory options from steak and burgers to pasta and pizza. When it comes to drinks, Arlo Williamsburg has options for any mood, whoever your crew may be. Keeping things casual? Take a meeting in the <strong>Bar at Sungold<\/strong>. If NYC views are top of mind, the <strong>Water Tower Bar <\/strong>has some of the best in Brooklyn. And if you\u2019re thinking, \u201csame, but with a pool, please,\u201d <strong>ART Williamsburg <\/strong>has your name on it. We\u2019re talking a spacious spot to kick back, complete with 40-foot swimming pool and panoramic views of New York City and the river. Aka al fresco magic.<\/p>\n\n\n\n<div style=\"height:50px\" aria-hidden=\"true\" class=\"wp-block-spacer\"><\/div>\n\n\n <div class=\"arlo-archive alignfull\">\n    <div class=\"archive-feed archive-2up-grid alignwide\">\n       <ul class=\"archive-feed__list\">\n         <li class=\"archive-feed__list-item\">\n     \t<div role=\"group\" aria-label=\"Eat &amp; Drink\" class=\"article-card post-type-eat-and-drink\"  >\n\t\t\t\t\t<div class=\"article-card__image\">\n\t\t\t\t<img loading=\"lazy\" decoding=\"async\" width=\"2560\" height=\"1708\" src=\"https:\/\/arlohotels.com\/williamsburg\/wp-content\/uploads\/sites\/9\/2024\/03\/20240220-Sungold_Interior_05_0147-scaled.jpg\" class=\"article-card__image\" alt=\"sungold williamsburg\" pageID=\"1022\" uID=\"articlCard\" srcset=\"https:\/\/arlohotels.com\/williamsburg\/wp-content\/uploads\/sites\/9\/2024\/03\/20240220-Sungold_Interior_05_0147-scaled.jpg 2560w, https:\/\/arlohotels.com\/williamsburg\/wp-content\/uploads\/sites\/9\/2024\/03\/20240220-Sungold_Interior_05_0147-300x200.jpg 300w, https:\/\/arlohotels.com\/williamsburg\/wp-content\/uploads\/sites\/9\/2024\/03\/20240220-Sungold_Interior_05_0147-1024x683.jpg 1024w, https:\/\/arlohotels.com\/williamsburg\/wp-content\/uploads\/sites\/9\/2024\/03\/20240220-Sungold_Interior_05_0147-768x512.jpg 768w, https:\/\/arlohotels.com\/williamsburg\/wp-content\/uploads\/sites\/9\/2024\/03\/20240220-Sungold_Interior_05_0147-1536x1025.jpg 1536w, https:\/\/arlohotels.com\/williamsburg\/wp-content\/uploads\/sites\/9\/2024\/03\/20240220-Sungold_Interior_05_0147-2048x1366.jpg 2048w\" sizes=\"auto, (max-width: 2560px) 100vw, 2560px\" \/>\t\t\t<\/div>\n\t\t\t\t<div class=\"article-card__lower\">\n\t\t\t\t\t\t\t\t\t<h2 class=\"article-card__title\">\n\t\t\t\t<a  href=\"https:\/\/arlohotels.com\/williamsburg\/eat-and-drink\/sungold\/\"><span >Sungold<\/span><\/a>\n\t\t\t<\/h2>\n\t\t\t\t\t\t\t\t\t\t<p class=\"article-card__excerpt\">\n\t\t\t\t\tWarm and inviting, intimate and lively, Sungold is a neighborhood go-to and the social heart of Arlo Williamsburg. The menu showcases local and seasonal ingredients, from pasta and Mediterranean-inspired dishes to wood-fired pizzas and delicious small plates.\t\t\t\t<\/p>\n\t\t\t\t\t\t\t\t\t\t<div class=\"wp-block-buttton\">\n\t\t\t\t\t<span class=\"wp-block-button__link\">\n\t\t\t\t\t\tLearn More\t\t\t\t\t<\/span>\n\t\t\t\t<\/div>\n\t\t\t \t\t<\/div>\n\t\t<div class=\"article-card__upper\">\n\t\t\t\t\t<\/div>\n\t<\/div>\n\t     <\/li>\n          <li class=\"archive-feed__list-item\">\n     \t<div role=\"group\" aria-label=\"Eat &amp; Drink\" class=\"article-card post-type-eat-and-drink\"  >\n\t\t\t\t\t<div class=\"article-card__image\">\n\t\t\t\t<img loading=\"lazy\" decoding=\"async\" width=\"2560\" height=\"1707\" src=\"https:\/\/arlohotels.com\/williamsburg\/wp-content\/uploads\/sites\/9\/2024\/03\/20240220-Sungold_Interior_03_0247-scaled.jpg\" class=\"article-card__image\" alt=\"Lobby Bar at Sungold Arlo Williamsburg Hotel\" pageID=\"1032\" uID=\"articlCard\" srcset=\"https:\/\/arlohotels.com\/williamsburg\/wp-content\/uploads\/sites\/9\/2024\/03\/20240220-Sungold_Interior_03_0247-scaled.jpg 2560w, https:\/\/arlohotels.com\/williamsburg\/wp-content\/uploads\/sites\/9\/2024\/03\/20240220-Sungold_Interior_03_0247-300x200.jpg 300w, https:\/\/arlohotels.com\/williamsburg\/wp-content\/uploads\/sites\/9\/2024\/03\/20240220-Sungold_Interior_03_0247-1024x683.jpg 1024w, https:\/\/arlohotels.com\/williamsburg\/wp-content\/uploads\/sites\/9\/2024\/03\/20240220-Sungold_Interior_03_0247-768x512.jpg 768w, https:\/\/arlohotels.com\/williamsburg\/wp-content\/uploads\/sites\/9\/2024\/03\/20240220-Sungold_Interior_03_0247-1536x1024.jpg 1536w, https:\/\/arlohotels.com\/williamsburg\/wp-content\/uploads\/sites\/9\/2024\/03\/20240220-Sungold_Interior_03_0247-2048x1365.jpg 2048w\" sizes=\"auto, (max-width: 2560px) 100vw, 2560px\" \/>\t\t\t<\/div>\n\t\t\t\t<div class=\"article-card__lower\">\n\t\t\t\t\t\t\t\t\t<h2 class=\"article-card__title\">\n\t\t\t\t<a  href=\"https:\/\/arlohotels.com\/williamsburg\/eat-and-drink\/bar\/\"><span >Bar at Sungold<\/span><\/a>\n\t\t\t<\/h2>\n\t\t\t\t\t\t\t\t\t\t<p class=\"article-card__excerpt\">\n\t\t\t\t\tThe Bar at Sungold complements the restaurant\u2019s focus on seasonal flavors, with a lineup of creative cocktails and botanical spirits. Elegant yet relaxed, it\u2019s perfect for pre-dinner drinks, an afternoon catchup, and late-night t\u00eate-\u00e0-t\u00eates\t\t\t\t<\/p>\n\t\t\t\t\t\t\t\t\t\t<div class=\"wp-block-buttton\">\n\t\t\t\t\t<span class=\"wp-block-button__link\">\n\t\t\t\t\t\tLearn More\t\t\t\t\t<\/span>\n\t\t\t\t<\/div>\n\t\t\t \t\t<\/div>\n\t\t<div class=\"article-card__upper\">\n\t\t\t\t\t<\/div>\n\t<\/div>\n\t     <\/li>\n          <li class=\"archive-feed__list-item\">\n     \t<div role=\"group\" aria-label=\"Eat &amp; Drink\" class=\"article-card post-type-eat-and-drink\"  >\n\t\t\t\t\t<div class=\"article-card__image\">\n\t\t\t\t<img loading=\"lazy\" decoding=\"async\" width=\"2249\" height=\"1500\" src=\"https:\/\/arlohotels.com\/williamsburg\/wp-content\/uploads\/sites\/9\/2024\/08\/WEBSRGB_ARLOWBG-1014.jpg\" class=\"article-card__image\" alt=\"The Water Tower Bar\" pageID=\"1030\" uID=\"articlCard\" srcset=\"https:\/\/arlohotels.com\/williamsburg\/wp-content\/uploads\/sites\/9\/2024\/08\/WEBSRGB_ARLOWBG-1014.jpg 2249w, https:\/\/arlohotels.com\/williamsburg\/wp-content\/uploads\/sites\/9\/2024\/08\/WEBSRGB_ARLOWBG-1014-300x200.jpg 300w, https:\/\/arlohotels.com\/williamsburg\/wp-content\/uploads\/sites\/9\/2024\/08\/WEBSRGB_ARLOWBG-1014-1024x683.jpg 1024w, https:\/\/arlohotels.com\/williamsburg\/wp-content\/uploads\/sites\/9\/2024\/08\/WEBSRGB_ARLOWBG-1014-768x512.jpg 768w, https:\/\/arlohotels.com\/williamsburg\/wp-content\/uploads\/sites\/9\/2024\/08\/WEBSRGB_ARLOWBG-1014-1536x1024.jpg 1536w, https:\/\/arlohotels.com\/williamsburg\/wp-content\/uploads\/sites\/9\/2024\/08\/WEBSRGB_ARLOWBG-1014-2048x1366.jpg 2048w\" sizes=\"auto, (max-width: 2249px) 100vw, 2249px\" \/>\t\t\t<\/div>\n\t\t\t\t<div class=\"article-card__lower\">\n\t\t\t\t\t\t\t\t\t<h2 class=\"article-card__title\">\n\t\t\t\t<a  href=\"https:\/\/arlohotels.com\/williamsburg\/eat-and-drink\/water-tower\/\"><span >Water Tower<\/span><\/a>\n\t\t\t<\/h2>\n\t\t\t\t\t\t\t\t\t\t<p class=\"article-card__excerpt\">\n\t\t\t\t\tEnjoy a quintessential Brooklyn experience with drinks at the Water Tower, situated atop Arlo Williamsburg. The unique rooftop setting features panoramic city views, signature cocktails, and high-energy vibes at weekly DJ nights on Friday and Saturdays.\t\t\t\t<\/p>\n\t\t\t\t\t\t\t\t\t\t<div class=\"wp-block-buttton\">\n\t\t\t\t\t<span class=\"wp-block-button__link\">\n\t\t\t\t\t\tLearn More\t\t\t\t\t<\/span>\n\t\t\t\t<\/div>\n\t\t\t \t\t<\/div>\n\t\t<div class=\"article-card__upper\">\n\t\t\t\t\t<\/div>\n\t<\/div>\n\t     <\/li>\n          <li class=\"archive-feed__list-item\">\n     \t<div role=\"group\" aria-label=\"Eat &amp; Drink\" class=\"article-card post-type-eat-and-drink\"  >\n\t\t\t\t\t<div class=\"article-card__image\">\n\t\t\t\t<img loading=\"lazy\" decoding=\"async\" width=\"2560\" height=\"1708\" src=\"https:\/\/arlohotels.com\/williamsburg\/wp-content\/uploads\/sites\/9\/2023\/08\/20230629-ART-Williamsburg_Bar_View1-scaled.jpg\" class=\"article-card__image\" alt=\"Arlo Williamsburg outdoor bar\" pageID=\"1034\" uID=\"articlCard\" srcset=\"https:\/\/arlohotels.com\/williamsburg\/wp-content\/uploads\/sites\/9\/2023\/08\/20230629-ART-Williamsburg_Bar_View1-scaled.jpg 2560w, https:\/\/arlohotels.com\/williamsburg\/wp-content\/uploads\/sites\/9\/2023\/08\/20230629-ART-Williamsburg_Bar_View1-300x200.jpg 300w, https:\/\/arlohotels.com\/williamsburg\/wp-content\/uploads\/sites\/9\/2023\/08\/20230629-ART-Williamsburg_Bar_View1-1024x683.jpg 1024w, https:\/\/arlohotels.com\/williamsburg\/wp-content\/uploads\/sites\/9\/2023\/08\/20230629-ART-Williamsburg_Bar_View1-768x512.jpg 768w, https:\/\/arlohotels.com\/williamsburg\/wp-content\/uploads\/sites\/9\/2023\/08\/20230629-ART-Williamsburg_Bar_View1-1536x1025.jpg 1536w, https:\/\/arlohotels.com\/williamsburg\/wp-content\/uploads\/sites\/9\/2023\/08\/20230629-ART-Williamsburg_Bar_View1-2048x1366.jpg 2048w\" sizes=\"auto, (max-width: 2560px) 100vw, 2560px\" \/>\t\t\t<\/div>\n\t\t\t\t<div class=\"article-card__lower\">\n\t\t\t\t\t\t\t\t\t<h2 class=\"article-card__title\">\n\t\t\t\t<a  href=\"https:\/\/arlohotels.com\/williamsburg\/eat-and-drink\/art-williamsburg\/\"><span >ART Williamsburg<\/span><\/a>\n\t\t\t<\/h2>\n\t\t\t\t\t\t\t\t\t\t<p class=\"article-card__excerpt\">\n\t\t\t\t\tART Williamsburg is an expansive rooftop bar scene perfect for day drinks, sunset cocktails, lazy afternoons, and late-night revelry. Come for the beats and beverages and stay a little longer to enjoy the lively atmosphere and sweeping Brooklyn views.\t\t\t\t<\/p>\n\t\t\t\t\t\t\t\t\t\t<div class=\"wp-block-buttton\">\n\t\t\t\t\t<span class=\"wp-block-button__link\">\n\t\t\t\t\t\tLearn More\t\t\t\t\t<\/span>\n\t\t\t\t<\/div>\n\t\t\t \t\t<\/div>\n\t\t<div class=\"article-card__upper\">\n\t\t\t\t\t<\/div>\n\t<\/div>\n\t     <\/li>\n       <\/ul>\n     <\/div>\n<\/div>\n","protected":false},"excerpt":{"rendered":"<p>Cocktails by the pool.&nbsp; Catch-ups in the lobby. Brunch on the patio. When you can\u2019t decide how to enjoy Brooklyn\u2019s eclectic food and beverage scene, Arlo Williamsburg is the perfect [&hellip;]<\/p>\n","protected":false},"author":1,"featured_media":1531,"parent":0,"menu_order":6,"comment_status":"closed","ping_status":"closed","template":"","meta":{"_acf_changed":false,"_tec_requires_first_save":true,"_EventAllDay":false,"_EventTimezone":"","_EventStartDate":"","_EventEndDate":"","_EventStartDateUTC":"","_EventEndDateUTC":"","_EventShowMap":false,"_EventShowMapLink":false,"_EventURL":"","_EventCost":"","_EventCostDescription":"","_EventCurrencySymbol":"","_EventCurrencyCode":"","_EventCurrencyPosition":"","_EventDateTimeSeparator":"","_EventTimeRangeSeparator":"","_EventOrganizerID":[],"_EventVenueID":[],"_OrganizerEmail":"","_OrganizerPhone":"","_OrganizerWebsite":"","_VenueAddress":"","_VenueCity":"","_VenueCountry":"","_VenueProvince":"","_VenueState":"","_VenueZip":"","_VenuePhone":"","_VenueURL":"","_VenueStateProvince":"","_VenueLat":"","_VenueLng":"","_VenueShowMap":false,"_VenueShowMapLink":false,"_tribe_blocks_recurrence_rules":"","_tribe_blocks_recurrence_description":"","_tribe_blocks_recurrence_exclusions":"","_ecp_custom_2":"","footnotes":""},"class_list":["post-203","page","type-page","status-publish","has-post-thumbnail","hentry"],"acf":[],"yoast_head":"<!-- This site is optimized with the Yoast SEO Premium plugin v22.6 (Yoast SEO v27.1.1) - https:\/\/yoast.com\/product\/yoast-seo-premium-wordpress\/ -->\n<title>Brooklyn Restaurants, Bars &amp; Rooftop | Arlo Williamsburg Hotel<\/title>\n<meta name=\"description\" content=\"You\u2019ll find first-rate food and drink and a great neighborhood scene at our Brooklyn bars and restaurants. Discover our Williamsburg food &amp; drinks here.\" \/>\n<meta name=\"robots\" content=\"index, follow, max-snippet:-1, max-image-preview:large, max-video-preview:-1\" \/>\n<link rel=\"canonical\" href=\"https:\/\/arlohotels.com\/williamsburg\/eat-and-drink\/\" \/>\n<meta property=\"og:locale\" content=\"en_US\" \/>\n<meta property=\"og:type\" content=\"article\" \/>\n<meta property=\"og:title\" content=\"Eat &amp; Drink\" \/>\n<meta property=\"og:description\" content=\"You\u2019ll find first-rate food and drink and a great neighborhood scene at our Brooklyn bars and restaurants. Discover our Williamsburg food &amp; drinks here.\" \/>\n<meta property=\"og:url\" content=\"https:\/\/arlohotels.com\/williamsburg\/eat-and-drink\/\" \/>\n<meta property=\"og:site_name\" content=\"Arlo Williamsburg\" \/>\n<meta property=\"article:modified_time\" content=\"2026-02-05T19:03:47+00:00\" \/>\n<meta property=\"og:image\" content=\"https:\/\/arlohotels.com\/williamsburg\/wp-content\/uploads\/sites\/9\/2024\/08\/WEBSRGB_ARLOWBG-1578-1024x683.jpg\" \/>\n\t<meta property=\"og:image:width\" content=\"1024\" \/>\n\t<meta property=\"og:image:height\" content=\"683\" \/>\n\t<meta property=\"og:image:type\" content=\"image\/jpeg\" \/>\n<meta name=\"twitter:card\" content=\"summary_large_image\" \/>\n<meta name=\"twitter:label1\" content=\"Est. reading time\" \/>\n\t<meta name=\"twitter:data1\" content=\"2 minutes\" \/>\n<script type=\"application\/ld+json\" class=\"yoast-schema-graph\">{\"@context\":\"https:\/\/schema.org\",\"@graph\":[{\"@type\":\"WebPage\",\"@id\":\"https:\/\/arlohotels.com\/williamsburg\/eat-and-drink\/\",\"url\":\"https:\/\/arlohotels.com\/williamsburg\/eat-and-drink\/\",\"name\":\"Brooklyn Restaurants, Bars & Rooftop | Arlo Williamsburg Hotel\",\"isPartOf\":{\"@id\":\"https:\/\/arlohotels.com\/williamsburg\/#website\"},\"primaryImageOfPage\":{\"@id\":\"https:\/\/arlohotels.com\/williamsburg\/eat-and-drink\/#primaryimage\"},\"image\":{\"@id\":\"https:\/\/arlohotels.com\/williamsburg\/eat-and-drink\/#primaryimage\"},\"thumbnailUrl\":\"https:\/\/arlohotels.com\/williamsburg\/wp-content\/uploads\/sites\/9\/2024\/08\/WEBSRGB_ARLOWBG-1578.jpg\",\"datePublished\":\"2022-06-02T19:23:49+00:00\",\"dateModified\":\"2026-02-05T19:03:47+00:00\",\"description\":\"You\u2019ll find first-rate food and drink and a great neighborhood scene at our Brooklyn bars and restaurants. Discover our Williamsburg food & drinks here.\",\"breadcrumb\":{\"@id\":\"https:\/\/arlohotels.com\/williamsburg\/eat-and-drink\/#breadcrumb\"},\"inLanguage\":\"en-US\",\"potentialAction\":[{\"@type\":\"ReadAction\",\"target\":[\"https:\/\/arlohotels.com\/williamsburg\/eat-and-drink\/\"]}]},{\"@type\":\"ImageObject\",\"inLanguage\":\"en-US\",\"@id\":\"https:\/\/arlohotels.com\/williamsburg\/eat-and-drink\/#primaryimage\",\"url\":\"https:\/\/arlohotels.com\/williamsburg\/wp-content\/uploads\/sites\/9\/2024\/08\/WEBSRGB_ARLOWBG-1578.jpg\",\"contentUrl\":\"https:\/\/arlohotels.com\/williamsburg\/wp-content\/uploads\/sites\/9\/2024\/08\/WEBSRGB_ARLOWBG-1578.jpg\",\"width\":2249,\"height\":1500,\"caption\":\"Brooklyn Restaurants, Bars & Rooftop\"},{\"@type\":\"BreadcrumbList\",\"@id\":\"https:\/\/arlohotels.com\/williamsburg\/eat-and-drink\/#breadcrumb\",\"itemListElement\":[{\"@type\":\"ListItem\",\"position\":1,\"name\":\"Home\",\"item\":\"https:\/\/arlohotels.com\/williamsburg\/\"},{\"@type\":\"ListItem\",\"position\":2,\"name\":\"Eat &amp; Drink\"}]},{\"@type\":\"WebSite\",\"@id\":\"https:\/\/arlohotels.com\/williamsburg\/#website\",\"url\":\"https:\/\/arlohotels.com\/williamsburg\/\",\"name\":\"Arlo Williamsburg\",\"description\":\"Everything you need, and nothing you don&#039;t to travel the Arlo way\",\"potentialAction\":[{\"@type\":\"SearchAction\",\"target\":{\"@type\":\"EntryPoint\",\"urlTemplate\":\"https:\/\/arlohotels.com\/williamsburg\/?s={search_term_string}\"},\"query-input\":{\"@type\":\"PropertyValueSpecification\",\"valueRequired\":true,\"valueName\":\"search_term_string\"}}],\"inLanguage\":\"en-US\"}]}<\/script>\n<!-- \/ Yoast SEO Premium plugin. -->","yoast_head_json":{"title":"Brooklyn Restaurants, Bars & Rooftop | Arlo Williamsburg Hotel","description":"You\u2019ll find first-rate food and drink and a great neighborhood scene at our Brooklyn bars and restaurants. Discover our Williamsburg food & drinks here.","robots":{"index":"index","follow":"follow","max-snippet":"max-snippet:-1","max-image-preview":"max-image-preview:large","max-video-preview":"max-video-preview:-1"},"canonical":"https:\/\/arlohotels.com\/williamsburg\/eat-and-drink\/","og_locale":"en_US","og_type":"article","og_title":"Eat &amp; Drink","og_description":"You\u2019ll find first-rate food and drink and a great neighborhood scene at our Brooklyn bars and restaurants. Discover our Williamsburg food & drinks here.","og_url":"https:\/\/arlohotels.com\/williamsburg\/eat-and-drink\/","og_site_name":"Arlo Williamsburg","article_modified_time":"2026-02-05T19:03:47+00:00","og_image":[{"width":1024,"height":683,"url":"https:\/\/arlohotels.com\/williamsburg\/wp-content\/uploads\/sites\/9\/2024\/08\/WEBSRGB_ARLOWBG-1578-1024x683.jpg","type":"image\/jpeg"}],"twitter_card":"summary_large_image","twitter_misc":{"Est. reading time":"2 minutes"},"schema":{"@context":"https:\/\/schema.org","@graph":[{"@type":"WebPage","@id":"https:\/\/arlohotels.com\/williamsburg\/eat-and-drink\/","url":"https:\/\/arlohotels.com\/williamsburg\/eat-and-drink\/","name":"Brooklyn Restaurants, Bars & Rooftop | Arlo Williamsburg Hotel","isPartOf":{"@id":"https:\/\/arlohotels.com\/williamsburg\/#website"},"primaryImageOfPage":{"@id":"https:\/\/arlohotels.com\/williamsburg\/eat-and-drink\/#primaryimage"},"image":{"@id":"https:\/\/arlohotels.com\/williamsburg\/eat-and-drink\/#primaryimage"},"thumbnailUrl":"https:\/\/arlohotels.com\/williamsburg\/wp-content\/uploads\/sites\/9\/2024\/08\/WEBSRGB_ARLOWBG-1578.jpg","datePublished":"2022-06-02T19:23:49+00:00","dateModified":"2026-02-05T19:03:47+00:00","description":"You\u2019ll find first-rate food and drink and a great neighborhood scene at our Brooklyn bars and restaurants. Discover our Williamsburg food & drinks here.","breadcrumb":{"@id":"https:\/\/arlohotels.com\/williamsburg\/eat-and-drink\/#breadcrumb"},"inLanguage":"en-US","potentialAction":[{"@type":"ReadAction","target":["https:\/\/arlohotels.com\/williamsburg\/eat-and-drink\/"]}]},{"@type":"ImageObject","inLanguage":"en-US","@id":"https:\/\/arlohotels.com\/williamsburg\/eat-and-drink\/#primaryimage","url":"https:\/\/arlohotels.com\/williamsburg\/wp-content\/uploads\/sites\/9\/2024\/08\/WEBSRGB_ARLOWBG-1578.jpg","contentUrl":"https:\/\/arlohotels.com\/williamsburg\/wp-content\/uploads\/sites\/9\/2024\/08\/WEBSRGB_ARLOWBG-1578.jpg","width":2249,"height":1500,"caption":"Brooklyn Restaurants, Bars & Rooftop"},{"@type":"BreadcrumbList","@id":"https:\/\/arlohotels.com\/williamsburg\/eat-and-drink\/#breadcrumb","itemListElement":[{"@type":"ListItem","position":1,"name":"Home","item":"https:\/\/arlohotels.com\/williamsburg\/"},{"@type":"ListItem","position":2,"name":"Eat &amp; Drink"}]},{"@type":"WebSite","@id":"https:\/\/arlohotels.com\/williamsburg\/#website","url":"https:\/\/arlohotels.com\/williamsburg\/","name":"Arlo Williamsburg","description":"Everything you need, and nothing you don&#039;t to travel the Arlo way","potentialAction":[{"@type":"SearchAction","target":{"@type":"EntryPoint","urlTemplate":"https:\/\/arlohotels.com\/williamsburg\/?s={search_term_string}"},"query-input":{"@type":"PropertyValueSpecification","valueRequired":true,"valueName":"search_term_string"}}],"inLanguage":"en-US"}]}},"_links":{"self":[{"href":"https:\/\/arlohotels.com\/williamsburg\/wp-json\/wp\/v2\/pages\/203","targetHints":{"allow":["GET"]}}],"collection":[{"href":"https:\/\/arlohotels.com\/williamsburg\/wp-json\/wp\/v2\/pages"}],"about":[{"href":"https:\/\/arlohotels.com\/williamsburg\/wp-json\/wp\/v2\/types\/page"}],"author":[{"embeddable":true,"href":"https:\/\/arlohotels.com\/williamsburg\/wp-json\/wp\/v2\/users\/1"}],"replies":[{"embeddable":true,"href":"https:\/\/arlohotels.com\/williamsburg\/wp-json\/wp\/v2\/comments?post=203"}],"version-history":[{"count":0,"href":"https:\/\/arlohotels.com\/williamsburg\/wp-json\/wp\/v2\/pages\/203\/revisions"}],"wp:featuredmedia":[{"embeddable":true,"href":"https:\/\/arlohotels.com\/williamsburg\/wp-json\/wp\/v2\/media\/1531"}],"wp:attachment":[{"href":"https:\/\/arlohotels.com\/williamsburg\/wp-json\/wp\/v2\/media?parent=203"}],"curies":[{"name":"wp","href":"https:\/\/api.w.org\/{rel}","templated":true}]}}